{"id":10,"date":"2016-03-07T16:07:21","date_gmt":"2016-03-07T15:07:21","guid":{"rendered":"http:\/\/127.0.0.1\/Equidream\/site\/?page_id=10"},"modified":"2023-03-17T13:58:30","modified_gmt":"2023-03-17T12:58:30","slug":"equitherapie","status":"publish","type":"page","link":"https:\/\/equidream.be\/index.php\/equitherapie\/","title":{"rendered":"Equitherapie"},"content":{"rendered":"<div id=\"box-counter-1\" class=\"box geel\" >\n<h1>Equitherapie<\/h1>\n<p>Equitherapie is in essentie iemand naar zijn persoonlijk doel brengen met het paard als co-therapeut.\u00a0Equitherapie is geschikt voor zowel volwassenen als kinderen.<\/p>\n<p><strong>Equitherapie is gebaseerd op een natuurlijk mechanisme<\/strong> &#8211; Door hun enorme fijngevoeligheid als sociaal dier pikken paarden feilloos de sociale en emotionele toestand van anderen rondom hen op. Die toestand spiegelen ze. Dankzij dit krachtige natuurlijke mechanisme kan je via het paard inzicht krijgen in je eigen functioneren en je interacties met anderen. Die <em>feedback<\/em> vormt binnen de equitherapie de basis voor verandering en persoonlijke groei.<\/p>\n<p><strong>Equitherapie gaat uit van een holistische visie op de mens<\/strong> &#8211; Het psychische wordt sterk be\u00efnvloed door het fysieke, en vice versa. De fysieke interactie met het paard en de fysieke feedback die je krijgt in de therapie is mentaal stimulerend. Fysiek je mannetje kunnen staan tegenover een paard maakt dat je mentaal ook steviger in je schoenen staat.<\/p>\n<p><strong>Equitherapie is ervaringsgericht<\/strong> &#8211; Equitherapie gaat uit van re\u00eble ervaringen, van interacties, van wat gebeurt tussen mens en dier. Door de natuurlijke omgeving en de uitnodigende paarden worden je zintuigen ten volle gestimuleerd en kom je dichter bij jezelf.<\/p>\n<p><strong>Equitherapie is veilig<\/strong> &#8211; Een paard oordeelt nooit en aanvaardt onvoorwaardelijk wat er gebeurt &#8211; of niet gebeurt. Dat cre\u00ebert een sfeer van veiligheid, waarin er kan ge\u00ebxperimenteerd worden, waar alles mogelijk is, maar niets mo\u00e9t.<\/p>\n<p>Ga hier naar de specifieke pagina\u00a0over equitherapie: <a href=\"http:\/\/www.equitherapie.be\">www.equitherapie.be<\/a><\/p>\n<\/div>\n<div id=\"box-counter-2\" class=\"box geel\" >\n<h1>Groepstherapie<\/h1>\n<p>Therapeutisch werken in groep is fijn, net als de paarden vormen we gaandeweg onze &#8216;kudde&#8217;. Het stimuleert ons om ervaringen te delen en steun te vinden bij elkaar.<\/p>\n<p>Voor <strong>volwassenen<\/strong> bieden we de groepstherapie aan onder de vorm van een jaartraining.\u00a0Voor <strong>jongeren en\u00a0kinderen<\/strong> zijn\u00a0er de wekelijkse trajecten.<br \/>\nVoor <strong>meer informatie<\/strong> over groepstherapie voor volwassenen, jongeren en kinderen: <a href=\"https:\/\/equitherapie.be\/groepscoaching\/\">Groepstherapie met paarden<\/a><\/p>\n<\/div>\n<div id=\"box-counter-3\" class=\"box blauw\" >\n<h1>Opleiding<\/h1>\n<p>We staan niet stil. We willen groeien en helpen groeien. Dat kan alleen maar vanuit onze eigen krachtbronnen, authentiek vanuit wie wij zijn.<\/p>\n<p>In de hedendaagse wereld is het niet eenvoudig om daarmee in connectie te komen. Hypes en verwachtingen volgen elkaar in snel tempo op.<\/p>\n<p>Het werken met paarden brengt ons <em>back to basics. <\/em>Naar wie wij zijn en wie we kunnen worden, naar onze krachtbronnen. Dat komt omdat paarden als sociale kuddedieren feilloos de basissignalen opvangen die wij uitzenden: angst, zekerheid, vertrouwen, kracht. Paarden spiegelen deze basissignalen. Equitherapie werkt met deze natuurlijke spiegel om krachtbronnen te herontdekken en groeivelden te activeren. Zonder veel woorden, maar des te meer vanuit energie en kracht. In deze opleiding leer je hoe je deze krachtige hefbomen voor persoonlijke groei kan aanboren en therapeutisch kan inzetten.<\/p>\n<p>De opleiding <strong>Practitioner\u00a0Equitherapie<\/strong> brengt nieuwe antwoorden en mogelijkheden.<\/p>\n<p>Ben je benieuwd wat de opleding practitioner equitherapie <strong>uniek<\/strong> maakt?<br \/>\nWil je aanvoelen en beslissen of deze opleiding voor jou en voor je professionele ontwikkeling een meerwaarde is?<\/p>\n<p>Klik hier:\u00a0<a href=\"https:\/\/equitherapie.be\/opleidingen\/\">Opleiding equitherapie<\/a><\/p>\n<\/div>\n<h3><\/h3>\n","protected":false},"excerpt":{"rendered":"","protected":false},"author":1,"featured_media":826,"parent":0,"menu_order":0,"comment_status":"closed","ping_status":"closed","template":"","meta":{"footnotes":""},"class_list":["post-10","page","type-page","status-publish","has-post-thumbnail","hentry"],"yoast_head":"<!-- This site is optimized with the Yoast SEO plugin v21.1 - https:\/\/yoast.com\/wordpress\/plugins\/seo\/ -->\n<title>Equitherapie - Equidream - Lochristi | Equitherapie | Kampen | Rijles<\/title>\n<meta name=\"description\" content=\"Mens en paard in balans- ruiter in balans| Persoonlijke begeleiding | Evelien Vanluchene, equitherapeut centered riding instructeur\" \/>\n<meta name=\"robots\" content=\"index, follow, max-snippet:-1, max-image-preview:large, max-video-preview:-1\" \/>\n<link rel=\"canonical\" href=\"https:\/\/equidream.be\/index.php\/equitherapie\/\" \/>\n<meta property=\"og:locale\" content=\"nl_NL\" \/>\n<meta property=\"og:type\" content=\"article\" \/>\n<meta property=\"og:title\" content=\"Equitherapie - Equidream - Lochristi | Equitherapie | Kampen | Rijles\" \/>\n<meta property=\"og:description\" content=\"Mens en paard in balans- ruiter in balans| Persoonlijke begeleiding | Evelien Vanluchene, equitherapeut centered riding instructeur\" \/>\n<meta property=\"og:url\" content=\"https:\/\/equidream.be\/index.php\/equitherapie\/\" \/>\n<meta property=\"og:site_name\" content=\"Equidream - Lochristi\" \/>\n<meta property=\"article:publisher\" content=\"https:\/\/business.facebook.com\/Equidream-258011837582302\/?business_id=1671413299549741\" \/>\n<meta property=\"article:modified_time\" content=\"2023-03-17T12:58:30+00:00\" \/>\n<meta property=\"og:image\" content=\"https:\/\/equidream.be\/wp-content\/uploads\/2019\/02\/Mona-oog-1024x768.jpg\" \/>\n\t<meta property=\"og:image:width\" content=\"1024\" \/>\n\t<meta property=\"og:image:height\" content=\"768\" \/>\n\t<meta property=\"og:image:type\" content=\"image\/jpeg\" \/>\n<meta name=\"twitter:card\" content=\"summary_large_image\" \/>\n<meta name=\"twitter:label1\" content=\"Geschatte leestijd\" \/>\n\t<meta name=\"twitter:data1\" content=\"2 minuten\" \/>\n<script type=\"application\/ld+json\" class=\"yoast-schema-graph\">{\"@context\":\"https:\/\/schema.org\",\"@graph\":[{\"@type\":\"WebPage\",\"@id\":\"https:\/\/equidream.be\/index.php\/equitherapie\/\",\"url\":\"https:\/\/equidream.be\/index.php\/equitherapie\/\",\"name\":\"Equitherapie - Equidream - Lochristi | Equitherapie | Kampen | Rijles\",\"isPartOf\":{\"@id\":\"https:\/\/equidream.be\/#website\"},\"datePublished\":\"2016-03-07T15:07:21+00:00\",\"dateModified\":\"2023-03-17T12:58:30+00:00\",\"description\":\"Mens en paard in balans- ruiter in balans| Persoonlijke begeleiding | Evelien Vanluchene, equitherapeut centered riding instructeur\",\"breadcrumb\":{\"@id\":\"https:\/\/equidream.be\/index.php\/equitherapie\/#breadcrumb\"},\"inLanguage\":\"nl-NL\",\"potentialAction\":[{\"@type\":\"ReadAction\",\"target\":[\"https:\/\/equidream.be\/index.php\/equitherapie\/\"]}]},{\"@type\":\"BreadcrumbList\",\"@id\":\"https:\/\/equidream.be\/index.php\/equitherapie\/#breadcrumb\",\"itemListElement\":[{\"@type\":\"ListItem\",\"position\":1,\"name\":\"Home\",\"item\":\"https:\/\/equidream.be\/\"},{\"@type\":\"ListItem\",\"position\":2,\"name\":\"Equitherapie\"}]},{\"@type\":\"WebSite\",\"@id\":\"https:\/\/equidream.be\/#website\",\"url\":\"https:\/\/equidream.be\/\",\"name\":\"Equidream - Lochristi\",\"description\":\"Centrum voor equitherapie en individuele rijles\",\"potentialAction\":[{\"@type\":\"SearchAction\",\"target\":{\"@type\":\"EntryPoint\",\"urlTemplate\":\"https:\/\/equidream.be\/?s={search_term_string}\"},\"query-input\":\"required name=search_term_string\"}],\"inLanguage\":\"nl-NL\"}]}<\/script>\n<!-- \/ Yoast SEO plugin. -->","yoast_head_json":{"title":"Equitherapie - Equidream - Lochristi | Equitherapie | Kampen | Rijles","description":"Mens en paard in balans- ruiter in balans| Persoonlijke begeleiding | Evelien Vanluchene, equitherapeut centered riding instructeur","robots":{"index":"index","follow":"follow","max-snippet":"max-snippet:-1","max-image-preview":"max-image-preview:large","max-video-preview":"max-video-preview:-1"},"canonical":"https:\/\/equidream.be\/index.php\/equitherapie\/","og_locale":"nl_NL","og_type":"article","og_title":"Equitherapie - Equidream - Lochristi | Equitherapie | Kampen | Rijles","og_description":"Mens en paard in balans- ruiter in balans| Persoonlijke begeleiding | Evelien Vanluchene, equitherapeut centered riding instructeur","og_url":"https:\/\/equidream.be\/index.php\/equitherapie\/","og_site_name":"Equidream - Lochristi","article_publisher":"https:\/\/business.facebook.com\/Equidream-258011837582302\/?business_id=1671413299549741","article_modified_time":"2023-03-17T12:58:30+00:00","og_image":[{"width":1024,"height":768,"url":"https:\/\/equidream.be\/wp-content\/uploads\/2019\/02\/Mona-oog-1024x768.jpg","type":"image\/jpeg"}],"twitter_card":"summary_large_image","twitter_misc":{"Geschatte leestijd":"2 minuten"},"schema":{"@context":"https:\/\/schema.org","@graph":[{"@type":"WebPage","@id":"https:\/\/equidream.be\/index.php\/equitherapie\/","url":"https:\/\/equidream.be\/index.php\/equitherapie\/","name":"Equitherapie - Equidream - Lochristi | Equitherapie | Kampen | Rijles","isPartOf":{"@id":"https:\/\/equidream.be\/#website"},"datePublished":"2016-03-07T15:07:21+00:00","dateModified":"2023-03-17T12:58:30+00:00","description":"Mens en paard in balans- ruiter in balans| Persoonlijke begeleiding | Evelien Vanluchene, equitherapeut centered riding instructeur","breadcrumb":{"@id":"https:\/\/equidream.be\/index.php\/equitherapie\/#breadcrumb"},"inLanguage":"nl-NL","potentialAction":[{"@type":"ReadAction","target":["https:\/\/equidream.be\/index.php\/equitherapie\/"]}]},{"@type":"BreadcrumbList","@id":"https:\/\/equidream.be\/index.php\/equitherapie\/#breadcrumb","itemListElement":[{"@type":"ListItem","position":1,"name":"Home","item":"https:\/\/equidream.be\/"},{"@type":"ListItem","position":2,"name":"Equitherapie"}]},{"@type":"WebSite","@id":"https:\/\/equidream.be\/#website","url":"https:\/\/equidream.be\/","name":"Equidream - Lochristi","description":"Centrum voor equitherapie en individuele rijles","potentialAction":[{"@type":"SearchAction","target":{"@type":"EntryPoint","urlTemplate":"https:\/\/equidream.be\/?s={search_term_string}"},"query-input":"required name=search_term_string"}],"inLanguage":"nl-NL"}]}},"_links":{"self":[{"href":"https:\/\/equidream.be\/index.php\/wp-json\/wp\/v2\/pages\/10","targetHints":{"allow":["GET"]}}],"collection":[{"href":"https:\/\/equidream.be\/index.php\/wp-json\/wp\/v2\/pages"}],"about":[{"href":"https:\/\/equidream.be\/index.php\/wp-json\/wp\/v2\/types\/page"}],"author":[{"embeddable":true,"href":"https:\/\/equidream.be\/index.php\/wp-json\/wp\/v2\/users\/1"}],"replies":[{"embeddable":true,"href":"https:\/\/equidream.be\/index.php\/wp-json\/wp\/v2\/comments?post=10"}],"version-history":[{"count":68,"href":"https:\/\/equidream.be\/index.php\/wp-json\/wp\/v2\/pages\/10\/revisions"}],"predecessor-version":[{"id":1439,"href":"https:\/\/equidream.be\/index.php\/wp-json\/wp\/v2\/pages\/10\/revisions\/1439"}],"wp:featuredmedia":[{"embeddable":true,"href":"https:\/\/equidream.be\/index.php\/wp-json\/wp\/v2\/media\/826"}],"wp:attachment":[{"href":"https:\/\/equidream.be\/index.php\/wp-json\/wp\/v2\/media?parent=10"}],"curies":[{"name":"wp","href":"https:\/\/api.w.org\/{rel}","templated":true}]}}